{"id":3969,"date":"2023-11-01T08:08:23","date_gmt":"2023-11-01T07:08:23","guid":{"rendered":"https:\/\/www.caret.pro\/newsletter\/thank-you-2\/"},"modified":"2023-12-19T09:52:19","modified_gmt":"2023-12-19T08:52:19","slug":"dekuji","status":"publish","type":"page","link":"https:\/\/www.caret.pro\/cs\/newsletter\/dekuji\/","title":{"rendered":"D\u011bkuji"},"content":{"rendered":"<div class=\"spacer spacer--block_a0633db10ebc0c59cca87e894483f3e2 spacer--s64-128\"><\/div>\n\n\n\n<div class=\"wp-block-group is-style-container-670 is-layout-constrained wp-block-group-is-layout-constrained\"><div class=\"wp-block-group__inner-container\">\n<h1 class=\"wp-block-heading has-text-align-center is-style-heading-medium\" style=\"text-transform:uppercase\">Thank you<br>for signing up!<\/h1>\n\n\n<div class=\"spacer spacer--block_89ad399454e59b934bf4d3795b7accb3 spacer--s32-64\"><\/div>\n\n\n\n<p class=\"has-text-align-center\">U\u017e sta\u010d\u00ed u\u010dinit pouze jedin\u00fd krok: zkontrolujte sv\u016fj e-mail a potvr\u010fte odb\u011br, abyste m\u011bli jistotu, <br>\u017ee budete dost\u00e1vat exkluzivn\u00ed informace a aktualizace spole\u010dnosti CARET. <\/p>\n\n\n\n<p class=\"has-text-align-center\">V\u00edtejte v na\u0161\u00ed spole\u010dnosti!<\/p>\n\n\n<div class=\"spacer spacer--block_6773a34008c457705983cca1b7d48fb8 spacer--s40-80\"><\/div>\n<\/div><\/div>\n\n\n<div class=\"container text-center\">\n  <a href=\"\/webinar\" class=\"btn dark-border\">  <svg xmlns=\"http:\/\/www.w3.org\/2000\/svg\" width=\"21\" height=\"21\" viewBox=\"0 0 21 21\" fill=\"none\">\n    <path d=\"M17.5 10.5H3.5M3.5 10.5L8.75 15.75M3.5 10.5L8.75 5.25\" stroke=\"#464A61\" stroke-width=\"1.75\" stroke-linecap=\"round\" stroke-linejoin=\"round\" \/>\n  <\/svg>\n  Go back to webinars!<\/a>\n<\/div>\n\n\n<div class=\"spacer spacer--block_a0633db10ebc0c59cca87e894483f3e2 spacer--s64-128\"><\/div>\n\n\n\n<div class=\"nf-bar only-follow\">\n    <div class=\"container-1130 nf-bar__inner\">\n        <div class=\"nf-bar__social\">\n      <div class=\"is-style-section-heading-large uppercase strong\">Sledujte n\u00e1s<\/div>\n      <div class=\"nf-bar__social-icons\">\n                              <a href=\"https:\/\/www.linkedin.com\/company\/caret-europe\" target=\"_blank\" rel=\"nofollow noopener noreferrer\" class=\"nf-bar__social-icon\" title=\"Linkedin\">\n              <svg xmlns=\"http:\/\/www.w3.org\/2000\/svg\" width=\"24\" height=\"24\" viewBox=\"0 0 24 24\" fill=\"none\">\r\n  <g clip-path=\"url(#clip0_905_1977)\">\r\n    <path d=\"M22.2226 -6.88074e-06V0.00185296H1.77119C0.81089 -0.00930608 0.011779 0.771207 0 1.7315V22.2679C0.011159 23.2288 0.81027 24.0099 1.77119 24H22.2226C23.1854 24.0118 23.9876 23.2306 24.0006 22.2679V1.73026C23.9876 0.768107 23.1848 -0.0124058 22.2226 -6.88074e-06ZM7.11823 20.4496H3.55849V8.99666H7.11823V20.4496ZM6.79586 6.82375C6.42203 7.1982 5.90623 7.4313 5.34022 7.4313H5.3396C4.20758 7.4313 3.2758 6.50014 3.2758 5.36749C3.2758 4.23485 4.20758 3.30431 5.3396 3.30431C6.47162 3.30431 7.40278 4.23547 7.4034 5.36749C7.4034 5.9335 7.1703 6.4493 6.79586 6.82375ZM20.4502 20.4496H16.8935V14.8806C16.8935 13.5527 16.87 11.8428 15.0442 11.8428C13.2185 11.8428 12.9085 13.2898 12.9085 14.7839V20.4489H9.35252V8.99666H12.7666V10.562H12.8143C13.5093 9.37359 14.8068 8.66127 16.1825 8.71211C19.7868 8.71211 20.4514 11.0828 20.4514 14.167L20.4502 20.4496Z\" fill=\"#080925\"\/>\r\n  <\/g>\r\n  <defs>\r\n    <clipPath id=\"clip0_905_1977\">\r\n      <rect width=\"24.0006\" height=\"24\" fill=\"white\"\/>\r\n    <\/clipPath>\r\n  <\/defs>\r\n<\/svg>            <\/a>\n                      <a href=\"https:\/\/twitter.com\/CaretEurope\" target=\"_blank\" rel=\"nofollow noopener noreferrer\" class=\"nf-bar__social-icon\" title=\"X (Twitter)\">\n              <svg xmlns=\"http:\/\/www.w3.org\/2000\/svg\" width=\"24\" height=\"24\" viewBox=\"0 0 24 24\" fill=\"none\">\r\n  <g clip-path=\"url(#clip0_905_1981)\">\r\n    <path d=\"M12.3316 11.5933C13.617 13.2934 14.9024 14.9928 16.1869 16.6929C16.2256 16.7444 16.2618 16.7976 16.3206 16.8813C15.9357 16.8813 15.5821 16.887 15.2285 16.8757C15.1738 16.8741 15.111 16.8016 15.0699 16.7477C13.6001 14.8309 12.1327 12.9117 10.6653 10.9925C9.70049 9.73128 8.73566 8.46926 7.77083 7.20725C7.73539 7.16054 7.70318 7.11222 7.646 7.03168C8.04949 7.03168 8.41271 7.02363 8.77593 7.03812C8.84922 7.04054 8.93942 7.11141 8.98855 7.17584C10.1056 8.64645 11.2186 10.1203 12.3316 11.5933Z\" fill=\"#080925\"\/>\r\n    <path d=\"M18.7978 0H5.20317C2.32962 0 0.000488281 2.32913 0.000488281 5.20268V18.7973C0.000488281 21.6709 2.32962 24 5.20317 24H18.7978C21.6714 24 24.0005 21.6709 24.0005 18.7973V5.20268C24.0005 2.32913 21.6714 0 18.7978 0ZM18.5481 18.1281C17.2966 18.1289 16.0451 18.1256 14.7943 18.1321C14.6421 18.1329 14.5551 18.0789 14.4673 17.963C13.4663 16.6454 12.4612 15.3318 11.4561 14.0166C11.4126 13.9603 11.3667 13.9047 11.3159 13.8411C10.6169 14.64 9.92425 15.4317 9.23082 16.2234C8.71217 16.8161 8.19512 17.4113 7.67163 17.9992C7.61686 18.0604 7.52264 18.1216 7.44532 18.1224C6.83646 18.1329 6.2276 18.1281 5.61794 18.1272C5.59297 18.1272 5.5672 18.1192 5.50358 18.1087C7.13123 16.2491 8.73391 14.4169 10.3495 12.5702C8.64854 10.349 6.94841 8.1294 5.22894 5.88403C5.32317 5.87839 5.38438 5.87114 5.44639 5.87114C6.7374 5.87114 8.02921 5.87275 9.32022 5.86792C9.46035 5.86711 9.54653 5.9106 9.63109 6.02336C10.5693 7.27248 11.514 8.51678 12.4708 9.7804C12.7744 9.4349 13.0732 9.09503 13.3704 8.75517C14.1734 7.83866 14.9771 6.92376 15.7761 6.00403C15.863 5.90416 15.9508 5.86711 16.0813 5.86792C16.695 5.87436 17.3095 5.87114 17.9763 5.87114C16.4445 7.6204 14.9433 9.33503 13.4324 11.0601C15.2059 13.4021 16.9769 15.7425 18.772 18.1144C18.6714 18.1208 18.6102 18.1281 18.5481 18.1281Z\" fill=\"#080925\"\/>\r\n  <\/g>\r\n  <defs>\r\n    <clipPath id=\"clip0_905_1981\">\r\n      <rect width=\"24\" height=\"24\" fill=\"white\" transform=\"translate(0.000488281)\"\/>\r\n    <\/clipPath>\r\n  <\/defs>\r\n<\/svg>            <\/a>\n                      <a href=\"https:\/\/youtube.com\/@caretpro6890?si=ZhahNniNLAMppg-9\" target=\"_blank\" rel=\"nofollow noopener noreferrer\" class=\"nf-bar__social-icon\" title=\"YouTube\">\n              <svg xmlns=\"http:\/\/www.w3.org\/2000\/svg\" width=\"35\" height=\"24\" viewBox=\"0 0 35 24\" fill=\"none\">\r\n  <g clip-path=\"url(#clip0_905_1979)\">\r\n    <path d=\"M33.5706 3.74788C33.1755 2.27187 32.0127 1.10913 30.5395 0.716839C27.8641 0 17.1425 0 17.1425 0C17.1425 0 6.421 0 3.74837 0.716839C2.27236 1.10913 1.11244 2.27187 0.717327 3.74788C0.000488281 6.42051 0.000488281 12 0.000488281 12C0.000488281 12 0.000488281 17.5767 0.717327 20.2521C1.11244 21.7281 2.27236 22.8881 3.74837 23.2832C6.421 24 17.1425 24 17.1425 24C17.1425 24 27.8641 24 30.5395 23.2832C32.0127 22.8881 33.1755 21.7281 33.5706 20.2521C34.2874 17.5767 34.2874 12 34.2874 12C34.2874 12 34.2874 6.42051 33.5706 3.74788ZM13.7164 17.1421V6.85795L22.6233 12L13.7164 17.1421Z\" fill=\"#080925\"\/>\r\n  <\/g>\r\n  <defs>\r\n    <clipPath id=\"clip0_905_1979\">\r\n      <rect width=\"34.2869\" height=\"24\" fill=\"white\" transform=\"translate(0.000488281)\"\/>\r\n    <\/clipPath>\r\n  <\/defs>\r\n<\/svg>            <\/a>\n                        <\/div>\n    <\/div>\n  <\/div>\n<\/div>\n\n\n\n<div class=\"cta-baner\">\n  <div class=\"container-1130 zindex5 cta-baner__inner\">\n    <div class=\"cta-baner__info\">\n                    <h2 class=\"cta-baner__title is-style-heading-small uppercase\">Chytr\u00fd zp\u016fsob obchodov\u00e1n\u00ed s automobily v Evrop\u011b<\/h2>\n      \n      <div class=\"cta-baner__text is-style-paragraph-medium\">\n        Od anal\u00fdzy trhu k maximalizaci zisku &#8211; zjist\u011bte, jak m\u016f\u017ee na\u0161e \u0159e\u0161en\u00ed pozvednout va\u0161e podnik\u00e1n\u00ed.      <\/div>\n\n      <div class=\"is-style-section-heading-small strong mt15 large-mt25\">\n        Spojte se s n\u00e1mi a my V\u00e1m pom\u016f\u017eeme r\u016fst      <\/div>\n\n      <div class=\"cta-baner__buttons\">\n        <button type=\"button\" class=\"btn dark open-book\" data-open=\"demo\">\n          Objednat demo            <svg xmlns=\"http:\/\/www.w3.org\/2000\/svg\" width=\"21\" height=\"21\" viewBox=\"0 0 21 21\" fill=\"none\">\n    <path d=\"M17.3 10.3175V8.522C17.3 7.4047 17.3 6.84604 17.0584 6.41929C16.8459 6.04391 16.5068 5.73871 16.0897 5.54744C15.6155 5.33 14.9948 5.33 13.7533 5.33H7.54667C6.30522 5.33 5.68449 5.33 5.21032 5.54744C4.79323 5.73871 4.45412 6.04391 4.2416 6.41929C4 6.84604 4 7.4047 4 8.522V14.108C4 15.2253 4 15.784 4.2416 16.2107C4.45412 16.5861 4.79323 16.8913 5.21032 17.0826C5.68449 17.3 6.30522 17.3 7.54667 17.3H11.0194M17.3 9.32H4M13.6056 4V6.66M7.69444 4V6.66M15.0833 16.635V12.645M12.8667 14.64H17.3\" stroke=\"#fff\" stroke-width=\"1.75\" stroke-linecap=\"round\" stroke-linejoin=\"round\" \/>\n  <\/svg>\n          <\/button>\n                <a href=\"https:\/\/app.caret.pro\/login\" class=\"btn dark-border\" target=\"_blank\">\n          Registrovat se            <svg xmlns=\"http:\/\/www.w3.org\/2000\/svg\" width=\"21\" height=\"21\" viewBox=\"0 0 21 21\" fill=\"none\">\n    <path d=\"M3.5 10.5H17.5M17.5 10.5L12.25 5.25M17.5 10.5L12.25 15.75\" stroke=\"#080925\" stroke-width=\"1.75\" stroke-linecap=\"round\" stroke-linejoin=\"round\" \/>\n  <\/svg>\n          <\/a>\n      <\/div>\n    <\/div>\n    <div class=\"cta-baner__image\">\n              <img loading=\"lazy\" decoding=\"async\" width=\"876\" height=\"695\" src=\"https:\/\/www.caret.pro\/wp-content\/uploads\/2023\/11\/Book-a-demo_video_Julien-Debard_1.png\" class=\"attachment-large size-large\" alt=\"\" srcset=\"https:\/\/www.caret.pro\/wp-content\/uploads\/2023\/11\/Book-a-demo_video_Julien-Debard_1.png 876w, https:\/\/www.caret.pro\/wp-content\/uploads\/2023\/11\/Book-a-demo_video_Julien-Debard_1-300x238.png 300w, https:\/\/www.caret.pro\/wp-content\/uploads\/2023\/11\/Book-a-demo_video_Julien-Debard_1-768x609.png 768w\" sizes=\"(max-width: 876px) 100vw, 876px\" \/>            <button type=\"button\" class=\"cta-baner__play\" data-open=\"video\">Play<\/button>\n    <\/div>\n  <\/div>\n<\/div>\n","protected":false},"excerpt":{"rendered":"<p>Thank youfor signing up! U\u017e sta\u010d\u00ed u\u010dinit pouze jedin\u00fd krok: zkontrolujte sv\u016fj e-mail a potvr\u010fte odb\u011br, abyste m\u011bli jistotu, \u017ee budete dost\u00e1vat exkluzivn\u00ed informace a aktualizace spole\u010dnosti CARET. V\u00edtejte v na\u0161\u00ed spole\u010dnosti!<\/p>\n","protected":false},"author":5,"featured_media":0,"parent":3929,"menu_order":0,"comment_status":"closed","ping_status":"closed","template":"","meta":{"footnotes":""},"acf":[],"yoast_head":"<!-- This site is optimized with the Yoast SEO plugin v22.6 - https:\/\/yoast.com\/wordpress\/plugins\/seo\/ -->\n<title>D\u011bkuji - Caret.Pro<\/title>\n<meta name=\"robots\" content=\"index, follow, max-snippet:-1, max-image-preview:large, max-video-preview:-1\" \/>\n<link rel=\"canonical\" href=\"https:\/\/www.caret.pro\/cs\/newsletter\/dekuji\/\" \/>\n<meta property=\"og:locale\" content=\"cs_CZ\" \/>\n<meta property=\"og:type\" content=\"article\" \/>\n<meta property=\"og:title\" content=\"D\u011bkuji - Caret.Pro\" \/>\n<meta property=\"og:description\" content=\"Thank youfor signing up! U\u017e sta\u010d\u00ed u\u010dinit pouze jedin\u00fd krok: zkontrolujte sv\u016fj e-mail a potvr\u010fte odb\u011br, abyste m\u011bli jistotu, \u017ee budete dost\u00e1vat exkluzivn\u00ed informace a aktualizace spole\u010dnosti CARET. V\u00edtejte v na\u0161\u00ed spole\u010dnosti!\" \/>\n<meta property=\"og:url\" content=\"https:\/\/www.caret.pro\/cs\/newsletter\/dekuji\/\" \/>\n<meta property=\"og:site_name\" content=\"Caret.Pro\" \/>\n<meta property=\"article:modified_time\" content=\"2023-12-19T08:52:19+00:00\" \/>\n<meta name=\"twitter:card\" content=\"summary_large_image\" \/>\n<meta name=\"twitter:label1\" content=\"Odhadovan\u00e1 doba \u010dten\u00ed\" \/>\n\t<meta name=\"twitter:data1\" content=\"1 minuta\" \/>\n<script type=\"application\/ld+json\" class=\"yoast-schema-graph\">{\"@context\":\"https:\/\/schema.org\",\"@graph\":[{\"@type\":\"WebPage\",\"@id\":\"https:\/\/www.caret.pro\/cs\/newsletter\/dekuji\/\",\"url\":\"https:\/\/www.caret.pro\/cs\/newsletter\/dekuji\/\",\"name\":\"D\u011bkuji - Caret.Pro\",\"isPartOf\":{\"@id\":\"https:\/\/www.caret.pro\/cs\/#website\"},\"datePublished\":\"2023-11-01T07:08:23+00:00\",\"dateModified\":\"2023-12-19T08:52:19+00:00\",\"breadcrumb\":{\"@id\":\"https:\/\/www.caret.pro\/cs\/newsletter\/dekuji\/#breadcrumb\"},\"inLanguage\":\"cs\",\"potentialAction\":[{\"@type\":\"ReadAction\",\"target\":[\"https:\/\/www.caret.pro\/cs\/newsletter\/dekuji\/\"]}]},{\"@type\":\"BreadcrumbList\",\"@id\":\"https:\/\/www.caret.pro\/cs\/newsletter\/dekuji\/#breadcrumb\",\"itemListElement\":[{\"@type\":\"ListItem\",\"position\":1,\"name\":\"Home\",\"item\":\"https:\/\/www.caret.pro\/cs\/\"},{\"@type\":\"ListItem\",\"position\":2,\"name\":\"Newsletter\",\"item\":\"https:\/\/www.caret.pro\/cs\/?page_id=3929\"},{\"@type\":\"ListItem\",\"position\":3,\"name\":\"D\u011bkuji\"}]},{\"@type\":\"WebSite\",\"@id\":\"https:\/\/www.caret.pro\/cs\/#website\",\"url\":\"https:\/\/www.caret.pro\/cs\/\",\"name\":\"Caret.Pro\",\"description\":\"\",\"potentialAction\":[{\"@type\":\"SearchAction\",\"target\":{\"@type\":\"EntryPoint\",\"urlTemplate\":\"https:\/\/www.caret.pro\/cs\/?s={search_term_string}\"},\"query-input\":\"required name=search_term_string\"}],\"inLanguage\":\"cs\"}]}<\/script>\n<!-- \/ Yoast SEO plugin. -->","yoast_head_json":{"title":"D\u011bkuji - Caret.Pro","robots":{"index":"index","follow":"follow","max-snippet":"max-snippet:-1","max-image-preview":"max-image-preview:large","max-video-preview":"max-video-preview:-1"},"canonical":"https:\/\/www.caret.pro\/cs\/newsletter\/dekuji\/","og_locale":"cs_CZ","og_type":"article","og_title":"D\u011bkuji - Caret.Pro","og_description":"Thank youfor signing up! U\u017e sta\u010d\u00ed u\u010dinit pouze jedin\u00fd krok: zkontrolujte sv\u016fj e-mail a potvr\u010fte odb\u011br, abyste m\u011bli jistotu, \u017ee budete dost\u00e1vat exkluzivn\u00ed informace a aktualizace spole\u010dnosti CARET. V\u00edtejte v na\u0161\u00ed spole\u010dnosti!","og_url":"https:\/\/www.caret.pro\/cs\/newsletter\/dekuji\/","og_site_name":"Caret.Pro","article_modified_time":"2023-12-19T08:52:19+00:00","twitter_card":"summary_large_image","twitter_misc":{"Odhadovan\u00e1 doba \u010dten\u00ed":"1 minuta"},"schema":{"@context":"https:\/\/schema.org","@graph":[{"@type":"WebPage","@id":"https:\/\/www.caret.pro\/cs\/newsletter\/dekuji\/","url":"https:\/\/www.caret.pro\/cs\/newsletter\/dekuji\/","name":"D\u011bkuji - Caret.Pro","isPartOf":{"@id":"https:\/\/www.caret.pro\/cs\/#website"},"datePublished":"2023-11-01T07:08:23+00:00","dateModified":"2023-12-19T08:52:19+00:00","breadcrumb":{"@id":"https:\/\/www.caret.pro\/cs\/newsletter\/dekuji\/#breadcrumb"},"inLanguage":"cs","potentialAction":[{"@type":"ReadAction","target":["https:\/\/www.caret.pro\/cs\/newsletter\/dekuji\/"]}]},{"@type":"BreadcrumbList","@id":"https:\/\/www.caret.pro\/cs\/newsletter\/dekuji\/#breadcrumb","itemListElement":[{"@type":"ListItem","position":1,"name":"Home","item":"https:\/\/www.caret.pro\/cs\/"},{"@type":"ListItem","position":2,"name":"Newsletter","item":"https:\/\/www.caret.pro\/cs\/?page_id=3929"},{"@type":"ListItem","position":3,"name":"D\u011bkuji"}]},{"@type":"WebSite","@id":"https:\/\/www.caret.pro\/cs\/#website","url":"https:\/\/www.caret.pro\/cs\/","name":"Caret.Pro","description":"","potentialAction":[{"@type":"SearchAction","target":{"@type":"EntryPoint","urlTemplate":"https:\/\/www.caret.pro\/cs\/?s={search_term_string}"},"query-input":"required name=search_term_string"}],"inLanguage":"cs"}]}},"_links":{"self":[{"href":"https:\/\/www.caret.pro\/cs\/wp-json\/wp\/v2\/pages\/3969"}],"collection":[{"href":"https:\/\/www.caret.pro\/cs\/wp-json\/wp\/v2\/pages"}],"about":[{"href":"https:\/\/www.caret.pro\/cs\/wp-json\/wp\/v2\/types\/page"}],"author":[{"embeddable":true,"href":"https:\/\/www.caret.pro\/cs\/wp-json\/wp\/v2\/users\/5"}],"replies":[{"embeddable":true,"href":"https:\/\/www.caret.pro\/cs\/wp-json\/wp\/v2\/comments?post=3969"}],"version-history":[{"count":2,"href":"https:\/\/www.caret.pro\/cs\/wp-json\/wp\/v2\/pages\/3969\/revisions"}],"predecessor-version":[{"id":4742,"href":"https:\/\/www.caret.pro\/cs\/wp-json\/wp\/v2\/pages\/3969\/revisions\/4742"}],"up":[{"embeddable":true,"href":"https:\/\/www.caret.pro\/cs\/wp-json\/wp\/v2\/pages\/3929"}],"wp:attachment":[{"href":"https:\/\/www.caret.pro\/cs\/wp-json\/wp\/v2\/media?parent=3969"}],"curies":[{"name":"wp","href":"https:\/\/api.w.org\/{rel}","templated":true}]}}